{"id":1827,"date":"2023-12-08T10:09:29","date_gmt":"2023-12-08T08:09:29","guid":{"rendered":"https:\/\/n-f-b.net\/cms\/?page_id=1827"},"modified":"2023-12-15T19:38:25","modified_gmt":"2023-12-15T17:38:25","slug":"ambulantes-clearing-fuer-unbegleitete-minderjaehrige-fluechtlinge","status":"publish","type":"page","link":"https:\/\/n-f-b.net\/cms\/ambulantes-clearing-fuer-unbegleitete-minderjaehrige-fluechtlinge\/","title":{"rendered":"Ambulantes Clearing f\u00fcr unbegleitete minderj\u00e4hrige Fl\u00fcchtlinge (UMA)"},"content":{"rendered":"<p>[et_pb_section fb_built=&#8220;1&#8243; admin_label=&#8220;section&#8220; _builder_version=&#8220;4.16&#8243; global_colors_info=&#8220;{}&#8220; theme_builder_area=&#8220;post_content&#8220;][et_pb_row column_structure=&#8220;3_5,2_5&#8243; admin_label=&#8220;row&#8220; _builder_version=&#8220;4.16&#8243; background_size=&#8220;initial&#8220; background_position=&#8220;top_left&#8220; background_repeat=&#8220;repeat&#8220; global_colors_info=&#8220;{}&#8220; theme_builder_area=&#8220;post_content&#8220;][et_pb_column type=&#8220;3_5&#8243; _builder_version=&#8220;4.16&#8243; custom_padding=&#8220;|||&#8220; global_colors_info=&#8220;{}&#8220; custom_padding__hover=&#8220;|||&#8220; theme_builder_area=&#8220;post_content&#8220;][et_pb_text admin_label=&#8220;Text&#8220; _builder_version=&#8220;4.23.1&#8243; background_size=&#8220;initial&#8220; background_position=&#8220;top_left&#8220; background_repeat=&#8220;repeat&#8220; global_colors_info=&#8220;{}&#8220; theme_builder_area=&#8220;post_content&#8220;]<\/p>\n<p>Das Clearing nach \u00a7 42a, Abs. 2 SGB VIII dient der Ermittlung des individuellen Hilfebedarfs minderj\u00e4hriger Fl\u00fcchtlinge, welche sich in der Obhut des Jugendamts befinden.<\/p>\n<p>Auf Basis einer Kl\u00e4rung der sozialen, gesundheitlichen und emotionalen Situation des Kindes, des\/der Jugendlichen oder jungen Vollj\u00e4hrigen werden Ressourcen und Belastungen ermittelt, aus der sich Entwicklungsperspektiven und Hilfebedarfe ableiten.<\/p>\n<p>[\/et_pb_text][\/et_pb_column][et_pb_column type=&#8220;2_5&#8243; _builder_version=&#8220;4.23.1&#8243; _module_preset=&#8220;default&#8220; global_colors_info=&#8220;{}&#8220; theme_builder_area=&#8220;post_content&#8220;][et_pb_text admin_label=&#8220;Text&#8220; _builder_version=&#8220;4.23.1&#8243; _module_preset=&#8220;default&#8220; global_colors_info=&#8220;{}&#8220; theme_builder_area=&#8220;post_content&#8220;]<\/p>\n<h1 style=\"text-align: right;\">Ambulantes Clearing f\u00fcr &#8222;unbegleitete minderj\u00e4hrige Fl\u00fcchtlinge&#8220; (UMA)<\/h1>\n<p>[\/et_pb_text][et_pb_image src=&#8220;http:\/\/n-f-b.net\/cms\/wp-content\/uploads\/2023\/12\/nfb-uma-1024&#215;683.jpg&#8220; title_text=&#8220;Mixed Race Teenager  Talking To Counsellor or Teacher&#8220; _builder_version=&#8220;4.23.1&#8243; _module_preset=&#8220;default&#8220; width=&#8220;auto&#8220; custom_margin=&#8220;||0px||false|false&#8220; locked=&#8220;off&#8220; global_colors_info=&#8220;{}&#8220; theme_builder_area=&#8220;post_content&#8220;][\/et_pb_image][et_pb_blurb title=&#8220;Entwicklungsperspektiven und Hilfebedarfe&#8220; use_icon=&#8220;on&#8220; font_icon=&#8220;&#xe610;||divi||400&#8243; icon_color=&#8220;#ffffff&#8220; icon_placement=&#8220;left&#8220; _builder_version=&#8220;4.23.1&#8243; _module_preset=&#8220;default&#8220; header_text_color=&#8220;#ffffff&#8220; background_color=&#8220;#134ca8&#8243; custom_margin=&#8220;0px||||false|false&#8220; custom_padding=&#8220;8px|8px|8px|8px|true|true&#8220; box_shadow_style=&#8220;preset3&#8243; locked=&#8220;off&#8220; global_colors_info=&#8220;{}&#8220; theme_builder_area=&#8220;post_content&#8220;][\/et_pb_blurb][\/et_pb_column][\/et_pb_row][\/et_pb_section]<\/p>\n","protected":false},"excerpt":{"rendered":"<p>Das Clearing nach \u00a7 42a, Abs. 2 SGB VIII dient der Ermittlung des individuellen Hilfebedarfs minderj\u00e4hriger Fl\u00fcchtlinge, welche sich in der Obhut des Jugendamts befinden. Auf Basis einer Kl\u00e4rung der sozialen, gesundheitlichen und emotionalen Situation des Kindes, des\/der Jugendlichen oder jungen Vollj\u00e4hrigen werden Ressourcen und Belastungen ermittelt, aus der sich Entwicklungsperspektiven und Hilfebedarfe ableiten.Ambulantes Clearing [&hellip;]<\/p>\n","protected":false},"author":1,"featured_media":0,"parent":0,"menu_order":0,"comment_status":"closed","ping_status":"closed","template":"","meta":{"_acf_changed":false,"_et_pb_use_builder":"on","_et_pb_old_content":"<p>[et_pb_section fb_built=\"1\" admin_label=\"section\" _builder_version=\"4.16\" global_colors_info=\"{}\"][et_pb_row column_structure=\"3_5,2_5\" admin_label=\"row\" _builder_version=\"4.16\" background_size=\"initial\" background_position=\"top_left\" background_repeat=\"repeat\" global_colors_info=\"{}\"][et_pb_column type=\"3_5\" _builder_version=\"4.16\" custom_padding=\"|||\" global_colors_info=\"{}\" custom_padding__hover=\"|||\"][et_pb_text admin_label=\"Text\" _builder_version=\"4.23.1\" background_size=\"initial\" background_position=\"top_left\" background_repeat=\"repeat\" hover_enabled=\"0\" global_colors_info=\"{}\" sticky_enabled=\"0\"]<\/p><p><span style=\"font-size: 18px;\">Der Ausgangspunkt f\u00fcr sp\u00e4tere Entwicklungsprobleme liegt h\u00e4ufig in einer schwierigen Eltern-Kind-Interaktion im fr\u00fchen Kindesalter.<\/span><\/p><p>Die Einbeziehung der kindlichen Perspektive in den Beratungsprozess, wirkt der Entwicklung und Verfestigung negativer Interaktionsmuster entgegen. Somit kann das Entstehen von Entwicklungsst\u00f6rungen abgewendet werden.<br \/>Bei der S\u00e4uglings-Eltern-Beratung liegt der Fokus auf der Bindungsqualit\u00e4t. Sichere Bindungen unterst\u00fctzen Kinder in vielf\u00e4ltigen Belastungssituationen in ihrer Entwicklung.<\/p><p>Ausgangspunkt bildet die gemeinsame Beobachtung des S\u00e4uglings oder des Kleinkindes. Auf der Basis entwicklungspsychologischer Erkenntnisse wird die Wahrnehmung der Eltern auf die individuellen F\u00e4higkeiten und Bed\u00fcrfnisse ihres Kindes gelenkt. Dessen Signale besser zu verstehen erm\u00f6glicht ihnen positivere Bewertungen und neue M\u00f6glichkeiten der Beziehungsgestaltung mit ihrem Kind.<\/p><p>[\/et_pb_text][\/et_pb_column][et_pb_column type=\"2_5\" _builder_version=\"4.16\" custom_padding=\"|||\" global_colors_info=\"{}\" custom_padding__hover=\"|||\"][et_pb_text admin_label=\"Text\" _builder_version=\"4.23.1\" _module_preset=\"default\" global_colors_info=\"{}\"]<\/p><h1 style=\"text-align: right;\">Eltern-S\u00e4uglings-Beratung<\/h1><p>[\/et_pb_text][et_pb_image src=\"http:\/\/n-f-b.net\/cms\/wp-content\/uploads\/2014\/12\/fotolia_73730303.jpg\" title_text=\"fotolia_73730303\" _builder_version=\"4.16\" _module_preset=\"default\" width=\"auto\" custom_margin=\"||0px||false|false\" locked=\"off\" global_colors_info=\"{}\"][\/et_pb_image][et_pb_blurb title=\"Bindung dauerhaft stabilisieren\" use_icon=\"on\" font_icon=\"\ue610||divi||400\" icon_color=\"#ffffff\" icon_placement=\"left\" _builder_version=\"4.23.1\" _module_preset=\"default\" header_text_color=\"#ffffff\" background_color=\"#134ca8\" custom_margin=\"0px||||false|false\" custom_padding=\"8px|8px|8px|8px|true|true\" box_shadow_style=\"preset3\" locked=\"off\" global_colors_info=\"{}\"][\/et_pb_blurb][\/et_pb_column][\/et_pb_row][\/et_pb_section]<\/p>","_et_gb_content_width":"","inline_featured_image":false,"footnotes":""},"dipi_cpt_category":[],"class_list":["post-1827","page","type-page","status-publish","hentry"],"acf":[],"_links":{"self":[{"href":"https:\/\/n-f-b.net\/cms\/wp-json\/wp\/v2\/pages\/1827","targetHints":{"allow":["GET"]}}],"collection":[{"href":"https:\/\/n-f-b.net\/cms\/wp-json\/wp\/v2\/pages"}],"about":[{"href":"https:\/\/n-f-b.net\/cms\/wp-json\/wp\/v2\/types\/page"}],"author":[{"embeddable":true,"href":"https:\/\/n-f-b.net\/cms\/wp-json\/wp\/v2\/users\/1"}],"replies":[{"embeddable":true,"href":"https:\/\/n-f-b.net\/cms\/wp-json\/wp\/v2\/comments?post=1827"}],"version-history":[{"count":13,"href":"https:\/\/n-f-b.net\/cms\/wp-json\/wp\/v2\/pages\/1827\/revisions"}],"predecessor-version":[{"id":1878,"href":"https:\/\/n-f-b.net\/cms\/wp-json\/wp\/v2\/pages\/1827\/revisions\/1878"}],"wp:attachment":[{"href":"https:\/\/n-f-b.net\/cms\/wp-json\/wp\/v2\/media?parent=1827"}],"wp:term":[{"taxonomy":"dipi_cpt_category","embeddable":true,"href":"https:\/\/n-f-b.net\/cms\/wp-json\/wp\/v2\/dipi_cpt_category?post=1827"}],"curies":[{"name":"wp","href":"https:\/\/api.w.org\/{rel}","templated":true}]}}