{"id":2,"date":"2014-07-13T16:01:04","date_gmt":"2014-07-13T16:01:04","guid":{"rendered":"http:\/\/n-f-b.net\/cms\/?page_id=2"},"modified":"2025-01-16T11:29:08","modified_gmt":"2025-01-16T09:29:08","slug":"willkommen","status":"publish","type":"page","link":"https:\/\/n-f-b.net\/cms\/","title":{"rendered":"Willkommen"},"content":{"rendered":"<p>[et_pb_section fb_built=&#8220;1&#8243; _builder_version=&#8220;4.18.0&#8243; _module_preset=&#8220;default&#8220; background_color=&#8220;#134ca8&#8243; custom_margin=&#8220;||0px||false|false&#8220; custom_padding=&#8220;16px||4px||false|false&#8220; da_disable_devices=&#8220;off|off|off&#8220; global_colors_info=&#8220;{}&#8220; da_is_popup=&#8220;off&#8220; da_exit_intent=&#8220;off&#8220; da_has_close=&#8220;on&#8220; da_alt_close=&#8220;off&#8220; da_dark_close=&#8220;off&#8220; da_not_modal=&#8220;on&#8220; da_is_singular=&#8220;off&#8220; da_with_loader=&#8220;off&#8220; da_has_shadow=&#8220;on&#8220;][et_pb_row _builder_version=&#8220;4.19.1&#8243; _module_preset=&#8220;default&#8220; overflow-x=&#8220;visible&#8220; overflow-y=&#8220;visible&#8220; custom_padding=&#8220;0px||0px||true|false&#8220; global_colors_info=&#8220;{}&#8220;][et_pb_column type=&#8220;4_4&#8243; _builder_version=&#8220;4.16&#8243; _module_preset=&#8220;default&#8220; global_colors_info=&#8220;{}&#8220;][et_pb_menu active_link_color=&#8220;#4fc119&#8243; dropdown_menu_bg_color=&#8220;rgba(255,255,255,0.88)&#8220; dropdown_menu_text_color=&#8220;#000000&#8243; dropdown_menu_active_link_color=&#8220;#4fc119&#8243; mobile_menu_bg_color=&#8220;#FFFFFF&#8220; mobile_menu_text_color=&#8220;#000000&#8243; logo=&#8220;http:\/\/n-f-b.net\/cms\/wp-content\/uploads\/2014\/09\/logo_weiss_auf_blau.jpg&#8220; logo_url=&#8220;\/&#8220; _builder_version=&#8220;4.27.4&#8243; _module_preset=&#8220;default&#8220; menu_font=&#8220;|300|||||||&#8220; menu_text_color=&#8220;#FFFFFF&#8220; menu_font_size=&#8220;18px&#8220; background_color=&#8220;#134ca8&#8243; text_orientation=&#8220;right&#8220; background_layout=&#8220;dark&#8220; width=&#8220;100%&#8220; module_alignment=&#8220;center&#8220; custom_padding=&#8220;||||false|false&#8220; hover_enabled=&#8220;0&#8243; custom_css_menu_link=&#8220;padding-left: 20px;&#8220; custom_css_menu_logo=&#8220;margin-right:100px;&#8220; global_colors_info=&#8220;{}&#8220; sticky_enabled=&#8220;0&#8243;][\/et_pb_menu][\/et_pb_column][\/et_pb_row][\/et_pb_section][et_pb_section fb_built=&#8220;1&#8243; fullwidth=&#8220;on&#8220; _builder_version=&#8220;4.16&#8243; _module_preset=&#8220;default&#8220; da_disable_devices=&#8220;off|off|off&#8220; global_colors_info=&#8220;{}&#8220; da_is_popup=&#8220;off&#8220; da_exit_intent=&#8220;off&#8220; da_has_close=&#8220;on&#8220; da_alt_close=&#8220;off&#8220; da_dark_close=&#8220;off&#8220; da_not_modal=&#8220;on&#8220; da_is_singular=&#8220;off&#8220; da_with_loader=&#8220;off&#8220; da_has_shadow=&#8220;on&#8220;][et_pb_fullwidth_image src=&#8220;http:\/\/n-f-b.net\/cms\/wp-content\/uploads\/2022\/07\/gruppenfoto-2022-aktuell-1920.jpg&#8220; title_text=&#8220;gruppenfoto-2022-aktuell&#8220; _builder_version=&#8220;4.16&#8243; _module_preset=&#8220;default&#8220; global_colors_info=&#8220;{}&#8220;][\/et_pb_fullwidth_image][\/et_pb_section][et_pb_section fb_built=&#8220;1&#8243; admin_label=&#8220;section&#8220; _builder_version=&#8220;4.19.1&#8243; background_color=&#8220;#ffffff&#8220; custom_padding=&#8220;||20px||false|false&#8220; da_disable_devices=&#8220;off|off|off&#8220; global_colors_info=&#8220;{}&#8220; custom_css_main_element_last_edited=&#8220;on|phone&#8220; custom_css_main_element_phone=&#8220;height: 140vh;&#8220; da_is_popup=&#8220;off&#8220; da_exit_intent=&#8220;off&#8220; da_has_close=&#8220;on&#8220; da_alt_close=&#8220;off&#8220; da_dark_close=&#8220;off&#8220; da_not_modal=&#8220;on&#8220; da_is_singular=&#8220;off&#8220; da_with_loader=&#8220;off&#8220; da_has_shadow=&#8220;on&#8220;][et_pb_row _builder_version=&#8220;4.16&#8243; _module_preset=&#8220;default&#8220; custom_padding=&#8220;0px||||false|false&#8220; global_colors_info=&#8220;{}&#8220;][et_pb_column type=&#8220;4_4&#8243; _builder_version=&#8220;4.16&#8243; _module_preset=&#8220;default&#8220; global_colors_info=&#8220;{}&#8220;][et_pb_text _builder_version=&#8220;4.16&#8243; _module_preset=&#8220;default&#8220; global_colors_info=&#8220;{}&#8220;]<\/p>\n<h1>Willkommen im Netzwerk f\u00fcr Familientherapie und Beratung<\/h1>\n<p>[\/et_pb_text][\/et_pb_column][\/et_pb_row][et_pb_row column_structure=&#8220;1_2,1_2&#8243; admin_label=&#8220;row&#8220; _builder_version=&#8220;4.16&#8243; background_size=&#8220;initial&#8220; background_position=&#8220;top_left&#8220; background_repeat=&#8220;repeat&#8220; custom_padding=&#8220;0px||||false|false&#8220; global_colors_info=&#8220;{}&#8220;][et_pb_column type=&#8220;1_2&#8243; _builder_version=&#8220;4.16&#8243; custom_padding=&#8220;|||&#8220; global_colors_info=&#8220;{}&#8220; custom_padding__hover=&#8220;|||&#8220;][et_pb_text admin_label=&#8220;Text&#8220; _builder_version=&#8220;4.16&#8243; background_size=&#8220;initial&#8220; background_position=&#8220;top_left&#8220; background_repeat=&#8220;repeat&#8220; global_colors_info=&#8220;{}&#8220;]<\/p>\n<p>Das Netzwerk f\u00fcr Familientherapie und Beratung wurde 1997 gegr\u00fcndet. Es besteht aus 15 Therapeutinnen und Therapeuten unterschiedlicher Schulen. Als Grundlage f\u00fcr die gemeinsame Arbeit dienen systemische Sichtweisen und Therapieverfahren.<\/p>\n<p>[\/et_pb_text][et_pb_button button_url=&#8220;#leitbild&#8220; button_text=&#8220;Unser Leitbild&#8220; _builder_version=&#8220;4.25.0&#8243; _module_preset=&#8220;default&#8220; global_colors_info=&#8220;{}&#8220;][\/et_pb_button][\/et_pb_column][et_pb_column type=&#8220;1_2&#8243; _builder_version=&#8220;4.16&#8243; custom_padding=&#8220;|||&#8220; global_colors_info=&#8220;{}&#8220; custom_padding__hover=&#8220;|||&#8220;][et_pb_text _builder_version=&#8220;4.16&#8243; _module_preset=&#8220;default&#8220; global_colors_info=&#8220;{}&#8220;]<\/p>\n<p>In der aufsuchenden Familientherapie arbeiten wir im Co-Therapeutenteam, wobei in der Regel beide Geschlechter repr\u00e4sentiert sind. Die Netzwerkstruktur erlaubt uns, die Arbeit flexibel an den individuellen Anliegen des anfragenden Familien- und Helfersystems auszurichten.<\/p>\n<p>[\/et_pb_text][et_pb_button button_url=&#8220;#bewerbung&#8220; button_text=&#8220;Wir suchen Kolleg*innen&#8220; _builder_version=&#8220;4.27.4&#8243; _module_preset=&#8220;default&#8220; custom_button=&#8220;on&#8220; button_letter_spacing=&#8220;0px&#8220; button_icon=&#8220;&#xf500;||fa||900&#8243; button_icon_color=&#8220;#134CA8&#8243; button_icon_placement=&#8220;left&#8220; hover_enabled=&#8220;0&#8243; global_colors_info=&#8220;{}&#8220; sticky_enabled=&#8220;0&#8243;][\/et_pb_button][\/et_pb_column][\/et_pb_row][\/et_pb_section][et_pb_section fb_built=&#8220;1&#8243; admin_label=&#8220;Popup &#8211; #leitbild&#8220; module_id=&#8220;leitbild&#8220; module_class=&#8220;popup close-alt single&#8220; _builder_version=&#8220;4.27.4&#8243; _module_preset=&#8220;default&#8220; width_tablet=&#8220;90%&#8220; width_phone=&#8220;96%&#8220; width_last_edited=&#8220;on|phone&#8220; max_width=&#8220;96%&#8220; custom_padding=&#8220;20px||20px||true|false&#8220; hover_enabled=&#8220;0&#8243; da_is_popup=&#8220;on&#8220; da_popup_slug=&#8220;leitbild&#8220; da_is_singular=&#8220;on&#8220; da_exit_intent=&#8220;off&#8220; da_alt_close=&#8220;on&#8220; da_disable_devices=&#8220;off|off|off&#8220; global_colors_info=&#8220;{}&#8220; sticky_enabled=&#8220;0&#8243; da_has_close=&#8220;on&#8220; da_dark_close=&#8220;off&#8220; da_not_modal=&#8220;on&#8220; da_with_loader=&#8220;off&#8220; da_has_shadow=&#8220;on&#8220;][et_pb_row _builder_version=&#8220;4.25.0&#8243; _module_preset=&#8220;default&#8220; width=&#8220;100%&#8220; custom_padding=&#8220;|20px||20px|false|true&#8220; global_colors_info=&#8220;{}&#8220;][et_pb_column type=&#8220;4_4&#8243; _builder_version=&#8220;4.25.0&#8243; _module_preset=&#8220;default&#8220; global_colors_info=&#8220;{}&#8220;][et_pb_text _builder_version=&#8220;4.25.0&#8243; _module_preset=&#8220;default&#8220; width=&#8220;100%&#8220; max_width=&#8220;100%&#8220; global_colors_info=&#8220;{}&#8220;]<\/p>\n<h2>Unser Leitbild<\/h2>\n<p>Grundlage unserer Arbeit bildet das <span style=\"color: #0000cd; font-weight: bold;\">systemische Menschenbild<\/span>, welches durch Respekt vor der Autonomie des Individuums und <span style=\"color: #156089; font-weight: bold;\">Wertsch\u00e4tzung<\/span> gegen\u00fcber Personen und Systemen<br \/>gepr\u00e4gt ist.<\/p>\n<p>Wir sind uns bewusst, dass unsere Arbeit immer von unseren eigenen Normen und <span style=\"color: #00b0f0; font-weight: bold;\">Werten<\/span> gepr\u00e4gt ist. Vor diesem Hintergrund werden <span style=\"color: #156082; font-weight: bold;\">Unterschiede<\/span>, beispielsweise in Bezug auf Alter, Gender, ethnische Herkunft, Status, sexuelle Orientierung, Weltanschauung und Religion als m\u00f6gliche Themen wahrgenommen und reflektiert. Wir achten auf <span style=\"color: #0070cd; font-weight: bold;\">Gleichbehandlung<\/span>, unter anderem durch die Arbeit in der geschlechtsgemischten <span style=\"color: #7030a0; font-weight: bold;\">Co-Therapie<\/span>.<\/p>\n<p>Wir \u00fcben einen weitestm\u00f6glichen <span style=\"color: #25c2f0; font-weight: bold;\">Verzicht auf Bewertungen<\/span>, im Sinne eines richtig oder falsch. Der Umgang der Hilfesuchenden, mit den bestehenden Herausforderungen, wird als <span style=\"color: #3f93c3; font-weight: bold;\">L\u00f6sungsm\u00f6glichkeit<\/span> betrachtet. Wir gehen davon aus, dass jeder Mensch die F\u00e4higkeit hat, sich selbst und seine <span style=\"color: #9900cc; font-weight: bold;\">Beziehungen<\/span> neu zu organisieren. Die <span style=\"color: #3f93c3; font-weight: bold;\">Potenziale<\/span> f\u00fcr die Bew\u00e4ltigung von Problemen, Krisen und Konflikten liegen im System selbst und k\u00f6nnen nicht von au\u00dfen verschrieben werden. Wir erforschen <span style=\"color: #bae4f0; font-weight: bold;\">Wahlm\u00f6glichkeiten<\/span>. Wir f\u00f6rdern die <span style=\"color: #87f2ff; font-weight: bold;\">Verantwortungs\u00fcbernahme<\/span> der Einzelnen, f\u00fcr Handlungen und <span style=\"color: #0f0fff; font-weight: bold;\">Entscheidungen<\/span>. Wir laden ein, unterschiedliche <span style=\"color: #86caff; font-weight: bold;\">Perspektiven<\/span> einzunehmen. Wir w\u00fcrdigen die Hilfesuchenden als Experten f\u00fcr ihr System und st\u00e4rken das <span style=\"color: #0033cc; font-weight: bold;\">Vertrauen<\/span> in ihre <span style=\"color: #907494; font-weight: bold;\">Selbstwirksamkeit<\/span>. Unsere Arbeitsweise ist darauf ausgerichtet, Potenziale frei zu legen und damit <span style=\"color: #4700cc; font-weight: bold;\">Handlungsm\u00f6glichkeiten<\/span> zu erweitern. Die <span style=\"color: #9966ff; font-weight: bold;\">Ressourcen<\/span> und Grenzen der Einzelnen werden im Prozess gemeinsam erkundet. Dabei werden auch die Legitimation und Wirksamkeit unserer Interventionen \u00fcberpr\u00fcft. <span style=\"color: #acb9ca; font-weight: bold;\">Ver\u00e4nderung<\/span> gelingt, wenn die <span style=\"color: #0066ff; font-weight: bold;\">Bewegung<\/span> aus dem System selbst heraus <span style=\"color: #0f9ed5; font-weight: bold;\">Kraft<\/span> gewinnt.<\/p>\n<p>Die grundlegende Haltung der <span style=\"color: #0f9ed5; font-weight: bold;\">Allparteilichkeit<\/span> und <span style=\"color: #9900cc; font-weight: bold;\">Akzeptanz<\/span> findet ihre Grenze, wo <span style=\"color: #9c99ff; font-weight: bold;\">Menschenw\u00fcrde<\/span> und Menschenrechte durch sch\u00e4digendes Verhalten infrage gestellt werden, insbesondere wenn das Wohl von Kindern gef\u00e4hrdet wird. Um dem entgegenzuwirken, m\u00f6chten wir Eltern in ihren <span style=\"color: #0f9ed5; font-weight: bold;\">Kompetenzen<\/span> st\u00e4rken. Wir gehen davon aus, dass im familientherapeutischen Prozess eine <span style=\"color: #6ccccc; font-weight: bold;\">Dynamik<\/span> entsteht, welche die <span style=\"color: #7030a0; font-weight: bold;\">Entwicklungsm\u00f6glichkeiten<\/span> der beteiligten Kinder und Jugendlichen verbessert.<\/p>\n<p>[\/et_pb_text][\/et_pb_column][\/et_pb_row][\/et_pb_section][et_pb_section fb_built=&#8220;1&#8243; admin_label=&#8220;Popup &#8211; #bewerbung&#8220; module_id=&#8220;bewerbung&#8220; module_class=&#8220;popup dark single&#8220; _builder_version=&#8220;4.27.4&#8243; _module_preset=&#8220;default&#8220; background_color=&#8220;#134CA8&#8243; width=&#8220;50%&#8220; width_tablet=&#8220;90%&#8220; width_phone=&#8220;96%&#8220; width_last_edited=&#8220;on|phone&#8220; custom_margin=&#8220;||40px||false|false&#8220; hover_enabled=&#8220;0&#8243; da_is_popup=&#8220;on&#8220; da_popup_slug=&#8220;bewerbung&#8220; da_is_singular=&#8220;on&#8220; da_exit_intent=&#8220;off&#8220; da_dark_close=&#8220;on&#8220; da_disable_devices=&#8220;off|off|off&#8220; global_colors_info=&#8220;{}&#8220; sticky_enabled=&#8220;0&#8243; custom_padding=&#8220;33px||36px|||&#8220; da_has_close=&#8220;on&#8220; da_alt_close=&#8220;off&#8220; da_not_modal=&#8220;on&#8220; da_with_loader=&#8220;off&#8220; da_has_shadow=&#8220;on&#8220;][et_pb_row _builder_version=&#8220;4.27.4&#8243; _module_preset=&#8220;default&#8220; hover_enabled=&#8220;0&#8243; global_colors_info=&#8220;{}&#8220; width=&#8220;94%&#8220; custom_margin=&#8220;0px||0px||false|false&#8220; sticky_enabled=&#8220;0&#8243;][et_pb_column type=&#8220;4_4&#8243; _builder_version=&#8220;4.27.4&#8243; _module_preset=&#8220;default&#8220; hover_enabled=&#8220;0&#8243; global_colors_info=&#8220;{}&#8220; sticky_enabled=&#8220;0&#8243;][et_pb_text _builder_version=&#8220;4.27.4&#8243; _module_preset=&#8220;default&#8220; text_text_color=&#8220;#FFFFFF&#8220; header_3_text_color=&#8220;#FFFFFF&#8220; header_3_line_height=&#8220;1.4em&#8220; hover_enabled=&#8220;0&#8243; global_colors_info=&#8220;{}&#8220; text_font_size_last_edited=&#8220;on|phone&#8220; sticky_enabled=&#8220;0&#8243; text_font_size_phone=&#8220;16px&#8220; text_line_height=&#8220;1.7em&#8220;]<\/p>\n<h3>Wir suchen freiberufliche Kolleg*innen (m\/d) f\u00fcr die Aufsuchende Familientherapie (AFT) im Co-Team.<\/h3>\n<p>Wir arbeiten \u00fcberwiegend im Auftrag von Jugend\u00e4mtern, gem. \u00a7 27.3 SGB VIII. <span>Das Honorar entspricht unserer Leistungs-und Entgeltvereinbarung mit den Auftraggebenden.<\/span><\/p>\n<p>T\u00e4tig sind wir aktuell in Dormagen, Duisburg, Grevenbroich, Krefeld, Meerbusch, Monheim a.R., Neuss, Rhein-Kreis Neuss, u.a. Voraussetzungen f\u00fcr die Zusammenarbeit sind ein abgeschlossenes Studium, mit erfolgreichem Master-, Bachelor- oder Diplomabschluss in Psychologie, P\u00e4dagogik, Sozialp\u00e4dagogik, Sozialer Arbeit oder einem vergleichbaren Studiengang, sowie eine Qualifikation in Systemischer Familientherapie, Systemischer Psychotherapie oder vergleichbarer Ausrichtung.<\/p>\n<p>Wir freuen uns \u00fcber Kontaktaufnahme \/ Bewerbungen<br \/>per Mail an <a href=\"mailto:info@n-f-b.net\">info@n-f-b.net<\/a>.<\/p>\n<p>[\/et_pb_text][\/et_pb_column][\/et_pb_row][\/et_pb_section][et_pb_section fb_built=&#8220;1&#8243; module_id=&#8220;bottom_bar&#8220; _builder_version=&#8220;4.20.2&#8243; _module_preset=&#8220;default&#8220; background_color=&#8220;#e5e5e5&#8243; custom_margin=&#8220;40px||||false|false&#8220; custom_padding=&#8220;0px||0px||true|false&#8220; sticky_position=&#8220;bottom&#8220; da_disable_devices=&#8220;off|off|off&#8220; locked=&#8220;off&#8220; global_colors_info=&#8220;{}&#8220; da_is_popup=&#8220;off&#8220; da_exit_intent=&#8220;off&#8220; da_has_close=&#8220;on&#8220; da_alt_close=&#8220;off&#8220; da_dark_close=&#8220;off&#8220; da_not_modal=&#8220;on&#8220; da_is_singular=&#8220;off&#8220; da_with_loader=&#8220;off&#8220; da_has_shadow=&#8220;on&#8220;][et_pb_row column_structure=&#8220;1_2,1_2&#8243; custom_padding_last_edited=&#8220;on|phone&#8220; _builder_version=&#8220;4.18.0&#8243; _module_preset=&#8220;default&#8220; background_color=&#8220;#e5e5e5&#8243; module_alignment=&#8220;center&#8220; custom_margin=&#8220;|0px||0px|false|true&#8220; custom_padding=&#8220;10px||10px||false|true&#8220; custom_padding_tablet=&#8220;|20px||20px|false|true&#8220; custom_padding_phone=&#8220;|10px||10px|false|true&#8220; global_colors_info=&#8220;{}&#8220;][et_pb_column type=&#8220;1_2&#8243; _builder_version=&#8220;4.16&#8243; _module_preset=&#8220;default&#8220; global_colors_info=&#8220;{}&#8220;][et_pb_text _builder_version=&#8220;4.23.4&#8243; _module_preset=&#8220;default&#8220; text_font_size=&#8220;16px&#8220; global_colors_info=&#8220;{}&#8220;]<a href=\"\/cms\/kontakt\"><i class=\"fa-solid fa-people-group fa-xl color-white\"><\/i>\u00a0\u00a0Kontakt zum Netzwerk<\/a>[\/et_pb_text][\/et_pb_column][et_pb_column type=&#8220;1_2&#8243; _builder_version=&#8220;4.18.0&#8243; _module_preset=&#8220;default&#8220; global_colors_info=&#8220;{}&#8220;][et_pb_text _builder_version=&#8220;4.18.0&#8243; _module_preset=&#8220;default&#8220; text_font_size=&#8220;16px&#8220; text_orientation=&#8220;right&#8220; global_colors_info=&#8220;{}&#8220;]<\/p>\n<p><i class=\"fa-solid fa-envelope fa-xl color-white\"><\/i>&nbsp;&nbsp;<a href=\"mailto:info@n-f-b.net\">E-Mail an das Netzwerk<\/a><\/p>\n<p>[\/et_pb_text][\/et_pb_column][\/et_pb_row][et_pb_row _builder_version=&#8220;4.16&#8243; _module_preset=&#8220;default&#8220; background_color=&#8220;#000000&#8243; width=&#8220;100%&#8220; max_width=&#8220;100%&#8220; custom_padding=&#8220;0px||0px||true|false&#8220; global_colors_info=&#8220;{}&#8220;][et_pb_column type=&#8220;4_4&#8243; _builder_version=&#8220;4.16&#8243; _module_preset=&#8220;default&#8220; global_colors_info=&#8220;{}&#8220;][et_pb_text _builder_version=&#8220;4.19.0&#8243; _module_preset=&#8220;default&#8220; text_text_color=&#8220;#ffffff&#8220; text_font_size=&#8220;14px&#8220; text_orientation=&#8220;center&#8220; global_colors_info=&#8220;{}&#8220;]<\/p>\n<p><a href=\"impressum\">Impressum<\/a> | <a href=\"datenschutz\">Datenschutz<\/a><\/p>\n<p>[\/et_pb_text][\/et_pb_column][\/et_pb_row][\/et_pb_section]<\/p>\n","protected":false},"excerpt":{"rendered":"<p>Willkommen im Netzwerk f\u00fcr Familientherapie und BeratungDas Netzwerk f\u00fcr Familientherapie und Beratung wurde 1997 gegr\u00fcndet. Es besteht aus 15 Therapeutinnen und Therapeuten unterschiedlicher Schulen. Als Grundlage f\u00fcr die gemeinsame Arbeit dienen systemische Sichtweisen und Therapieverfahren.In der aufsuchenden Familientherapie arbeiten wir im Co-Therapeutenteam, wobei in der Regel beide Geschlechter repr\u00e4sentiert sind. Die Netzwerkstruktur erlaubt uns, die [&hellip;]<\/p>\n","protected":false},"author":1,"featured_media":0,"parent":0,"menu_order":0,"comment_status":"closed","ping_status":"open","template":"","meta":{"_acf_changed":false,"_et_pb_use_builder":"on","_et_pb_old_content":"[vc_row][vc_column][layerslider_vc id=\"8\"][\/vc_column][\/vc_row][vc_row][vc_column][dt_gap height=\"20\"][\/vc_column][\/vc_row][vc_row][vc_column][vc_column_text]\r\n<h1>Willkommen im Netzwerk<\/h1>\r\n<h1>f\u00fcr Familientherapie und Beratung<\/h1>\r\n[\/vc_column_text][\/vc_column][\/vc_row][vc_row][vc_column][dt_gap height=\"20\"][\/vc_column][\/vc_row][vc_row][vc_column width=\"1\/2\"][vc_column_text]Das Netzwerk f\u00fcr Familientherapie und Beratung wurde 1997 gegr\u00fcndet.\r\nEs besteht aus 19 Therapeutinnen und Therapeuten unterschiedlicher Schulen.\r\nAls Grundlage f\u00fcr die gemeinsame Arbeit dienen systemische Sichtweisen und Therapieverfahren.[\/vc_column_text][\/vc_column][vc_column width=\"1\/2\"][vc_column_text]In der aufsuchenden Familientherapie arbeiten wir im Co-Therapeutenteam, wobei in der Regel beide Geschlechter repr\u00e4sentiert sind. Die Netzwerkstruktur erlaubt uns, die Arbeit flexibel an den individuellen Anliegen des anfragenden Familien- und Helfersystems auszurichten.[\/vc_column_text][\/vc_column][\/vc_row][vc_row][vc_column][dt_gap height=\"300\"][\/vc_column][\/vc_row]","_et_gb_content_width":"","inline_featured_image":false,"footnotes":""},"dipi_cpt_category":[],"class_list":["post-2","page","type-page","status-publish","hentry"],"acf":[],"_links":{"self":[{"href":"https:\/\/n-f-b.net\/cms\/wp-json\/wp\/v2\/pages\/2","targetHints":{"allow":["GET"]}}],"collection":[{"href":"https:\/\/n-f-b.net\/cms\/wp-json\/wp\/v2\/pages"}],"about":[{"href":"https:\/\/n-f-b.net\/cms\/wp-json\/wp\/v2\/types\/page"}],"author":[{"embeddable":true,"href":"https:\/\/n-f-b.net\/cms\/wp-json\/wp\/v2\/users\/1"}],"replies":[{"embeddable":true,"href":"https:\/\/n-f-b.net\/cms\/wp-json\/wp\/v2\/comments?post=2"}],"version-history":[{"count":76,"href":"https:\/\/n-f-b.net\/cms\/wp-json\/wp\/v2\/pages\/2\/revisions"}],"predecessor-version":[{"id":1951,"href":"https:\/\/n-f-b.net\/cms\/wp-json\/wp\/v2\/pages\/2\/revisions\/1951"}],"wp:attachment":[{"href":"https:\/\/n-f-b.net\/cms\/wp-json\/wp\/v2\/media?parent=2"}],"wp:term":[{"taxonomy":"dipi_cpt_category","embeddable":true,"href":"https:\/\/n-f-b.net\/cms\/wp-json\/wp\/v2\/dipi_cpt_category?post=2"}],"curies":[{"name":"wp","href":"https:\/\/api.w.org\/{rel}","templated":true}]}}