{"id":276,"date":"2014-12-03T19:04:25","date_gmt":"2014-12-03T17:04:25","guid":{"rendered":"http:\/\/n-f-b.net\/cms\/?page_id=276"},"modified":"2023-12-04T12:22:42","modified_gmt":"2023-12-04T10:22:42","slug":"eltern-saeugling-kleinkind-beratung","status":"publish","type":"page","link":"https:\/\/n-f-b.net\/cms\/eltern-saeugling-kleinkind-beratung\/","title":{"rendered":"Eltern-S\u00e4uglings-Beratung"},"content":{"rendered":"<p>[et_pb_section fb_built=&#8220;1&#8243; admin_label=&#8220;section&#8220; _builder_version=&#8220;4.16&#8243; global_colors_info=&#8220;{}&#8220;][et_pb_row column_structure=&#8220;3_5,2_5&#8243; admin_label=&#8220;row&#8220; _builder_version=&#8220;4.16&#8243; background_size=&#8220;initial&#8220; background_position=&#8220;top_left&#8220; background_repeat=&#8220;repeat&#8220; global_colors_info=&#8220;{}&#8220;][et_pb_column type=&#8220;3_5&#8243; _builder_version=&#8220;4.16&#8243; custom_padding=&#8220;|||&#8220; global_colors_info=&#8220;{}&#8220; custom_padding__hover=&#8220;|||&#8220;][et_pb_text admin_label=&#8220;Text&#8220; _builder_version=&#8220;4.23.1&#8243; background_size=&#8220;initial&#8220; background_position=&#8220;top_left&#8220; background_repeat=&#8220;repeat&#8220; hover_enabled=&#8220;0&#8243; global_colors_info=&#8220;{}&#8220; sticky_enabled=&#8220;0&#8243;]<\/p>\n<p><span style=\"font-size: 18px;\">Der Ausgangspunkt f\u00fcr sp\u00e4tere Entwicklungsprobleme liegt h\u00e4ufig in einer schwierigen Eltern-Kind-Interaktion im fr\u00fchen Kindesalter.<\/span><\/p>\n<p>Die Einbeziehung der kindlichen Perspektive in den Beratungsprozess, wirkt der Entwicklung und Verfestigung negativer Interaktionsmuster entgegen. Somit kann das Entstehen von Entwicklungsst\u00f6rungen abgewendet werden.<br \/>\nBei der S\u00e4uglings-Eltern-Beratung liegt der Fokus auf der Bindungsqualit\u00e4t. Sichere Bindungen unterst\u00fctzen Kinder in vielf\u00e4ltigen Belastungssituationen in ihrer Entwicklung.<\/p>\n<p>Ausgangspunkt bildet die gemeinsame Beobachtung des S\u00e4uglings oder des Kleinkindes. Auf der Basis entwicklungspsychologischer Erkenntnisse wird die Wahrnehmung der Eltern auf die individuellen F\u00e4higkeiten und Bed\u00fcrfnisse ihres Kindes gelenkt. Dessen Signale besser zu verstehen erm\u00f6glicht ihnen positivere Bewertungen und neue M\u00f6glichkeiten der Beziehungsgestaltung mit ihrem Kind.<\/p>\n<p>[\/et_pb_text][\/et_pb_column][et_pb_column type=&#8220;2_5&#8243; _builder_version=&#8220;4.16&#8243; custom_padding=&#8220;|||&#8220; global_colors_info=&#8220;{}&#8220; custom_padding__hover=&#8220;|||&#8220;][et_pb_text admin_label=&#8220;Text&#8220; _builder_version=&#8220;4.23.1&#8243; _module_preset=&#8220;default&#8220; global_colors_info=&#8220;{}&#8220;]<\/p>\n<h1 style=\"text-align: right;\">Eltern-S\u00e4uglings-Beratung<\/h1>\n<p>[\/et_pb_text][et_pb_image src=&#8220;http:\/\/n-f-b.net\/cms\/wp-content\/uploads\/2014\/12\/fotolia_73730303.jpg&#8220; title_text=&#8220;fotolia_73730303&#8243; _builder_version=&#8220;4.16&#8243; _module_preset=&#8220;default&#8220; width=&#8220;auto&#8220; custom_margin=&#8220;||0px||false|false&#8220; locked=&#8220;off&#8220; global_colors_info=&#8220;{}&#8220;][\/et_pb_image][et_pb_blurb title=&#8220;Bindung dauerhaft stabilisieren&#8220; use_icon=&#8220;on&#8220; font_icon=&#8220;&#xe610;||divi||400&#8243; icon_color=&#8220;#ffffff&#8220; icon_placement=&#8220;left&#8220; _builder_version=&#8220;4.23.1&#8243; _module_preset=&#8220;default&#8220; header_text_color=&#8220;#ffffff&#8220; background_color=&#8220;#134ca8&#8243; custom_margin=&#8220;0px||||false|false&#8220; custom_padding=&#8220;8px|8px|8px|8px|true|true&#8220; box_shadow_style=&#8220;preset3&#8243; locked=&#8220;off&#8220; global_colors_info=&#8220;{}&#8220;][\/et_pb_blurb][\/et_pb_column][\/et_pb_row][\/et_pb_section]<\/p>\n","protected":false},"excerpt":{"rendered":"<p>Der Ausgangspunkt f\u00fcr sp\u00e4tere Entwicklungsprobleme liegt h\u00e4ufig in einer schwierigen Eltern-Kind-Interaktion im fr\u00fchen Kindesalter. Die Einbeziehung der kindlichen Perspektive in den Beratungsprozess, wirkt der Entwicklung und Verfestigung negativer Interaktionsmuster entgegen. Somit kann das Entstehen von Entwicklungsst\u00f6rungen abgewendet werden. Bei der S\u00e4uglings-Eltern-Beratung liegt der Fokus auf der Bindungsqualit\u00e4t. Sichere Bindungen unterst\u00fctzen Kinder in vielf\u00e4ltigen Belastungssituationen in [&hellip;]<\/p>\n","protected":false},"author":1,"featured_media":0,"parent":0,"menu_order":0,"comment_status":"closed","ping_status":"open","template":"","meta":{"_acf_changed":false,"_et_pb_use_builder":"on","_et_pb_old_content":"[vc_row][vc_column width=\"2\/3\"][vc_column_text]Der Ausgangspunkt f\u00fcr sp\u00e4tere Entwicklungsprobleme liegt h\u00e4ufig in einer schwierigen Eltern-Kind-Interaktion im fr\u00fchsten Kindesalter.\r\n\r\nDie fr\u00fche Einbeziehung der kindlichen Perspektive in den therapeutischen Prozess, wirkt der Entwicklung und Verfestigung negativer Interaktionsmuster entgegen. Somit kann das Entstehen von Entwicklungsst\u00f6rungen und Verhaltensauff\u00e4lligkeiten abgewendet werden. Bei der S\u00e4uglings-Eltern-Therapie liegt der Fokus auf der Bindungsqualit\u00e4t. Sichere Bindungen unterst\u00fctzen Kinder in vielf\u00e4ltigen Belastungssituationen in ihrer Entwicklung.\r\nAusgangspunkt bildet die gemeinsame Beobachtung des S\u00e4uglings oder des Kleinkindes. Auf der Basis entwicklungspsychologischer Erkenntnisse werden die Eltern f\u00fcr die individuellen F\u00e4higkeiten und Bed\u00fcrfnisse ihres Kindes sensibilisiert. Kindliche Signale besser zu verstehen erm\u00f6glicht ihnen positivere Bewertungen und neue M\u00f6glichkeiten der Beziehungsgestaltung mit ihrem Kind.[\/vc_column_text][\/vc_column][vc_column width=\"1\/3\"][vc_column_text css=\".vc_custom_1421615980096{padding-top: 4px !important;padding-right: 4px !important;padding-bottom: 4px !important;padding-left: 4px !important;background-color: #59d600 !important;}\" el_class=\"balkentitel\"]<span style=\"color: #000000;\"><span style=\"color: #ffffff;\">Bindung dauerhaft stabilisieren<\/span>\r\n<\/span>[\/vc_column_text][dt_gap height=\"10\"][vc_single_image image=\"500\" border_color=\"grey\" img_link_target=\"_self\" img_size=\"full\" css_animation=\"appear\"][\/vc_column][\/vc_row]","_et_gb_content_width":"","inline_featured_image":false,"footnotes":""},"dipi_cpt_category":[],"class_list":["post-276","page","type-page","status-publish","hentry"],"acf":[],"_links":{"self":[{"href":"https:\/\/n-f-b.net\/cms\/wp-json\/wp\/v2\/pages\/276","targetHints":{"allow":["GET"]}}],"collection":[{"href":"https:\/\/n-f-b.net\/cms\/wp-json\/wp\/v2\/pages"}],"about":[{"href":"https:\/\/n-f-b.net\/cms\/wp-json\/wp\/v2\/types\/page"}],"author":[{"embeddable":true,"href":"https:\/\/n-f-b.net\/cms\/wp-json\/wp\/v2\/users\/1"}],"replies":[{"embeddable":true,"href":"https:\/\/n-f-b.net\/cms\/wp-json\/wp\/v2\/comments?post=276"}],"version-history":[{"count":35,"href":"https:\/\/n-f-b.net\/cms\/wp-json\/wp\/v2\/pages\/276\/revisions"}],"predecessor-version":[{"id":1822,"href":"https:\/\/n-f-b.net\/cms\/wp-json\/wp\/v2\/pages\/276\/revisions\/1822"}],"wp:attachment":[{"href":"https:\/\/n-f-b.net\/cms\/wp-json\/wp\/v2\/media?parent=276"}],"wp:term":[{"taxonomy":"dipi_cpt_category","embeddable":true,"href":"https:\/\/n-f-b.net\/cms\/wp-json\/wp\/v2\/dipi_cpt_category?post=276"}],"curies":[{"name":"wp","href":"https:\/\/api.w.org\/{rel}","templated":true}]}}